{"id":58,"date":"2020-06-15T23:52:31","date_gmt":"2020-06-15T21:52:31","guid":{"rendered":"http:\/\/klimontow.org\/?page_id=58"},"modified":"2020-08-28T21:13:14","modified_gmt":"2020-08-28T19:13:14","slug":"nasze-warsztaty","status":"publish","type":"page","link":"https:\/\/klimontow.org\/index.php\/nasze-warsztaty\/","title":{"rendered":"Warsztaty"},"content":{"rendered":"\n<p>9 marca 2020<\/p>\n\n\n\n<h2 class=\"has-text-color wp-block-heading\" style=\"color:#b12828\"><strong>Dzie\u0144 Kobiet z FABERLIC<\/strong><\/h2>\n\n\n\n<figure class=\"wp-block-gallery columns-1 is-cropped wp-block-gallery-1 is-layout-flex\"><ul class=\"blocks-gallery-grid\"><li class=\"blocks-gallery-item\"><figure><img decoding=\"async\" loading=\"lazy\" width=\"960\" height=\"720\" src=\"http:\/\/klimontow.org\/wp-content\/uploads\/2020\/06\/dzien-kobiet-2.jpg\" alt=\"\" data-id=\"200\" data-full-url=\"http:\/\/klimontow.org\/wp-content\/uploads\/2020\/06\/dzien-kobiet-2.jpg\" data-link=\"http:\/\/klimontow.org\/index.php\/nasze-warsztaty\/dzien-kobiet-2\/\" class=\"wp-image-200\" srcset=\"https:\/\/klimontow.org\/wp-content\/uploads\/2020\/06\/dzien-kobiet-2.jpg 960w, https:\/\/klimontow.org\/wp-content\/uploads\/2020\/06\/dzien-kobiet-2-300x225.jpg 300w, https:\/\/klimontow.org\/wp-content\/uploads\/2020\/06\/dzien-kobiet-2-768x576.jpg 768w\" sizes=\"(max-width: 767px) 89vw, (max-width: 1000px) 54vw, (max-width: 1071px) 543px, 580px\" \/><\/figure><\/li><\/ul><\/figure>\n\n\n\n<p> Dzie\u0144 Kobiet inaczej ni\u017c zwykle chocia\u017c, nie zabrak\u0142o pysznego domowego ciasta, s\u0142odyczy i symbolicznego kwiatka. G\u0142\u00f3wnym punktem by\u0142o spotkanie z przedstawicielkami firmy FABERLIC i by\u0142 to strza\u0142 w dziesi\u0105tk\u0119. Przygotowana przez konsultantki oferta i prezentacja przeros\u0142y nasze oczekiwania. Oferta Faberlic wszechstronna kosmetyki, perfumy, produkty do piel\u0119gnacji sk\u00f3ry, w\u0142os\u00f3w, produkty dla zdrowia oraz wysokiej jako\u015bci chemia gospodarcza. Dzi\u0119kujemy Paniom z firmy Faberlic za mile sp\u0119dzony czas i prezenty.<\/p>\n\n\n\n<figure class=\"wp-block-gallery columns-1 is-cropped wp-block-gallery-3 is-layout-flex\"><ul class=\"blocks-gallery-grid\"><li class=\"blocks-gallery-item\"><figure><img decoding=\"async\" loading=\"lazy\" width=\"960\" height=\"720\" src=\"http:\/\/klimontow.org\/wp-content\/uploads\/2020\/06\/dzien-kobiet-7.jpg\" alt=\"\" data-id=\"205\" data-full-url=\"http:\/\/klimontow.org\/wp-content\/uploads\/2020\/06\/dzien-kobiet-7.jpg\" data-link=\"http:\/\/klimontow.org\/index.php\/nasze-warsztaty\/dzien-kobiet-7\/\" class=\"wp-image-205\" srcset=\"https:\/\/klimontow.org\/wp-content\/uploads\/2020\/06\/dzien-kobiet-7.jpg 960w, https:\/\/klimontow.org\/wp-content\/uploads\/2020\/06\/dzien-kobiet-7-300x225.jpg 300w, https:\/\/klimontow.org\/wp-content\/uploads\/2020\/06\/dzien-kobiet-7-768x576.jpg 768w\" sizes=\"(max-width: 767px) 89vw, (max-width: 1000px) 54vw, (max-width: 1071px) 543px, 580px\" \/><\/figure><\/li><li class=\"blocks-gallery-item\"><figure><img decoding=\"async\" loading=\"lazy\" width=\"960\" height=\"720\" src=\"http:\/\/klimontow.org\/wp-content\/uploads\/2020\/06\/dzien-kobiet-6.jpg\" alt=\"\" data-id=\"204\" data-full-url=\"http:\/\/klimontow.org\/wp-content\/uploads\/2020\/06\/dzien-kobiet-6.jpg\" data-link=\"http:\/\/klimontow.org\/index.php\/nasze-warsztaty\/dzien-kobiet-6\/\" class=\"wp-image-204\" srcset=\"https:\/\/klimontow.org\/wp-content\/uploads\/2020\/06\/dzien-kobiet-6.jpg 960w, https:\/\/klimontow.org\/wp-content\/uploads\/2020\/06\/dzien-kobiet-6-300x225.jpg 300w, https:\/\/klimontow.org\/wp-content\/uploads\/2020\/06\/dzien-kobiet-6-768x576.jpg 768w\" sizes=\"(max-width: 767px) 89vw, (max-width: 1000px) 54vw, (max-width: 1071px) 543px, 580px\" \/><\/figure><\/li><li class=\"blocks-gallery-item\"><figure><img decoding=\"async\" loading=\"lazy\" width=\"960\" height=\"720\" src=\"http:\/\/klimontow.org\/wp-content\/uploads\/2020\/06\/dzien-kobiet-5.jpg\" alt=\"\" data-id=\"203\" data-full-url=\"http:\/\/klimontow.org\/wp-content\/uploads\/2020\/06\/dzien-kobiet-5.jpg\" data-link=\"http:\/\/klimontow.org\/index.php\/nasze-warsztaty\/dzien-kobiet-5\/\" class=\"wp-image-203\" srcset=\"https:\/\/klimontow.org\/wp-content\/uploads\/2020\/06\/dzien-kobiet-5.jpg 960w, https:\/\/klimontow.org\/wp-content\/uploads\/2020\/06\/dzien-kobiet-5-300x225.jpg 300w, https:\/\/klimontow.org\/wp-content\/uploads\/2020\/06\/dzien-kobiet-5-768x576.jpg 768w\" sizes=\"(max-width: 767px) 89vw, (max-width: 1000px) 54vw, (max-width: 1071px) 543px, 580px\" \/><\/figure><\/li><li class=\"blocks-gallery-item\"><figure><img decoding=\"async\" loading=\"lazy\" width=\"960\" height=\"720\" src=\"http:\/\/klimontow.org\/wp-content\/uploads\/2020\/06\/dzien-kobiet-4.jpg\" alt=\"\" data-id=\"202\" data-full-url=\"http:\/\/klimontow.org\/wp-content\/uploads\/2020\/06\/dzien-kobiet-4.jpg\" data-link=\"http:\/\/klimontow.org\/index.php\/nasze-warsztaty\/dzien-kobiet-4\/\" class=\"wp-image-202\" srcset=\"https:\/\/klimontow.org\/wp-content\/uploads\/2020\/06\/dzien-kobiet-4.jpg 960w, https:\/\/klimontow.org\/wp-content\/uploads\/2020\/06\/dzien-kobiet-4-300x225.jpg 300w, https:\/\/klimontow.org\/wp-content\/uploads\/2020\/06\/dzien-kobiet-4-768x576.jpg 768w\" sizes=\"(max-width: 767px) 89vw, (max-width: 1000px) 54vw, (max-width: 1071px) 543px, 580px\" \/><\/figure><\/li><li class=\"blocks-gallery-item\"><figure><img decoding=\"async\" loading=\"lazy\" width=\"960\" height=\"720\" src=\"http:\/\/klimontow.org\/wp-content\/uploads\/2020\/06\/dzien-kobiet-3.jpg\" alt=\"\" data-id=\"201\" data-full-url=\"http:\/\/klimontow.org\/wp-content\/uploads\/2020\/06\/dzien-kobiet-3.jpg\" data-link=\"http:\/\/klimontow.org\/index.php\/nasze-warsztaty\/dzien-kobiet-3\/\" class=\"wp-image-201\" srcset=\"https:\/\/klimontow.org\/wp-content\/uploads\/2020\/06\/dzien-kobiet-3.jpg 960w, https:\/\/klimontow.org\/wp-content\/uploads\/2020\/06\/dzien-kobiet-3-300x225.jpg 300w, https:\/\/klimontow.org\/wp-content\/uploads\/2020\/06\/dzien-kobiet-3-768x576.jpg 768w\" sizes=\"(max-width: 767px) 89vw, (max-width: 1000px) 54vw, (max-width: 1071px) 543px, 580px\" \/><\/figure><\/li><li class=\"blocks-gallery-item\"><figure><img decoding=\"async\" loading=\"lazy\" width=\"960\" height=\"747\" src=\"http:\/\/klimontow.org\/wp-content\/uploads\/2020\/06\/dzien-kobiet-1.jpg\" alt=\"\" data-id=\"199\" data-full-url=\"http:\/\/klimontow.org\/wp-content\/uploads\/2020\/06\/dzien-kobiet-1.jpg\" data-link=\"http:\/\/klimontow.org\/index.php\/nasze-warsztaty\/dzien-kobiet-1\/\" class=\"wp-image-199\" srcset=\"https:\/\/klimontow.org\/wp-content\/uploads\/2020\/06\/dzien-kobiet-1.jpg 960w, https:\/\/klimontow.org\/wp-content\/uploads\/2020\/06\/dzien-kobiet-1-300x233.jpg 300w, https:\/\/klimontow.org\/wp-content\/uploads\/2020\/06\/dzien-kobiet-1-768x598.jpg 768w\" sizes=\"(max-width: 767px) 89vw, (max-width: 1000px) 54vw, (max-width: 1071px) 543px, 580px\" \/><\/figure><\/li><\/ul><figcaption class=\"blocks-gallery-caption\">tekst E.M zdj\u0119cia A. K i E. M<\/figcaption><\/figure>\n\n\n\n<p><\/p>\n","protected":false},"excerpt":{"rendered":"<p>9 marca 2020 Dzie\u0144 Kobiet z FABERLIC Dzie\u0144 Kobiet inaczej ni\u017c zwykle chocia\u017c, nie zabrak\u0142o pysznego domowego ciasta, s\u0142odyczy i symbolicznego kwiatka. G\u0142\u00f3wnym punktem by\u0142o spotkanie z przedstawicielkami firmy FABERLIC i by\u0142 to strza\u0142 w dziesi\u0105tk\u0119. Przygotowana przez konsultantki oferta i prezentacja przeros\u0142y nasze oczekiwania. Oferta Faberlic wszechstronna kosmetyki, perfumy, produkty do piel\u0119gnacji sk\u00f3ry, w\u0142os\u00f3w, &hellip; <\/p>\n<p class=\"link-more\"><a href=\"https:\/\/klimontow.org\/index.php\/nasze-warsztaty\/\" class=\"more-link\">Czytaj dalej<span class=\"screen-reader-text\"> Warsztaty<\/span><\/a><\/p>\n","protected":false},"author":1,"featured_media":102,"parent":0,"menu_order":0,"comment_status":"closed","ping_status":"closed","template":"","meta":[],"_links":{"self":[{"href":"https:\/\/klimontow.org\/index.php\/wp-json\/wp\/v2\/pages\/58"}],"collection":[{"href":"https:\/\/klimontow.org\/index.php\/wp-json\/wp\/v2\/pages"}],"about":[{"href":"https:\/\/klimontow.org\/index.php\/wp-json\/wp\/v2\/types\/page"}],"author":[{"embeddable":true,"href":"https:\/\/klimontow.org\/index.php\/wp-json\/wp\/v2\/users\/1"}],"replies":[{"embeddable":true,"href":"https:\/\/klimontow.org\/index.php\/wp-json\/wp\/v2\/comments?post=58"}],"version-history":[{"count":6,"href":"https:\/\/klimontow.org\/index.php\/wp-json\/wp\/v2\/pages\/58\/revisions"}],"predecessor-version":[{"id":338,"href":"https:\/\/klimontow.org\/index.php\/wp-json\/wp\/v2\/pages\/58\/revisions\/338"}],"wp:featuredmedia":[{"embeddable":true,"href":"https:\/\/klimontow.org\/index.php\/wp-json\/wp\/v2\/media\/102"}],"wp:attachment":[{"href":"https:\/\/klimontow.org\/index.php\/wp-json\/wp\/v2\/media?parent=58"}],"curies":[{"name":"wp","href":"https:\/\/api.w.org\/{rel}","templated":true}]}}