{"id":57,"date":"2020-06-15T23:52:31","date_gmt":"2020-06-15T21:52:31","guid":{"rendered":"http:\/\/klimontow.org\/?page_id=57"},"modified":"2020-08-29T08:46:59","modified_gmt":"2020-08-29T06:46:59","slug":"nasze-zrealizowane-projekty","status":"publish","type":"page","link":"https:\/\/klimontow.org\/index.php\/nasze-zrealizowane-projekty\/","title":{"rendered":"Projekty"},"content":{"rendered":"\n<!--nextpage-->\n\n\n\n<h2 class=\"has-text-color wp-block-heading\" style=\"color:#be2828\"><strong>Aktywne ferie na Wsi<\/strong><\/h2>\n\n\n\n<figure class=\"wp-block-gallery columns-1 is-cropped wp-block-gallery-1 is-layout-flex\"><ul class=\"blocks-gallery-grid\"><li class=\"blocks-gallery-item\"><figure><img decoding=\"async\" loading=\"lazy\" width=\"1024\" height=\"725\" src=\"http:\/\/klimontow.org\/wp-content\/uploads\/2020\/06\/program0102-1024x725.jpg\" alt=\"\" data-id=\"81\" data-full-url=\"http:\/\/klimontow.org\/wp-content\/uploads\/2020\/06\/program0102.jpg\" data-link=\"http:\/\/klimontow.org\/index.php\/nasze-zrealizowane-projekty\/program0102\/\" class=\"wp-image-81\" srcset=\"https:\/\/klimontow.org\/wp-content\/uploads\/2020\/06\/program0102-1024x725.jpg 1024w, https:\/\/klimontow.org\/wp-content\/uploads\/2020\/06\/program0102-300x212.jpg 300w, https:\/\/klimontow.org\/wp-content\/uploads\/2020\/06\/program0102-768x544.jpg 768w, https:\/\/klimontow.org\/wp-content\/uploads\/2020\/06\/program0102.jpg 1237w\" sizes=\"(max-width: 767px) 89vw, (max-width: 1000px) 54vw, (max-width: 1071px) 543px, 580px\" \/><\/figure><\/li><\/ul><\/figure>\n\n\n\n<p>Jednym z ostatnich projekt\u00f3w, kt\u00f3re Ko\u0142o Gospody\u0144 Wiejskich w Klimontowie zrealizowa\u0142o przy wsparciu Zarz\u0105du Wojew\u00f3dztwa Ma\u0142opolskiego, Urz\u0119du Gminy i Miasta Proszowice oraz Prezesa Gie\u0142dy Rolnej EK-ROL Sp. z.o.o w Proszowicach by\u0142 programu \u201cAktywne Ferie na Wsi\u201d skierowanego do dzieci i m\u0142odzie\u017cy z naszego So\u0142ectwa. <\/p>\n\n\n\n<p>Do wsp\u00f3\u0142pracy zaprosili\u015bmy druh\u00f3w z OSP Klimont\u00f3w, policjant\u00f3w z Komendy Powiatowej Policji w Proszowicach, trener\u00f3w Klubu Sportowego \u201cAgricola Klimont\u00f3w\u201d, nauczycieli ze Szko\u0142y Podstawowej w Klimontowie, Pani\u0105 So\u0142tys oraz rodzic\u00f3w dzieci uczestnicz\u0105cych w programie. <\/p>\n\n\n\n<p>Realizacja zadania zak\u0142ada\u0142a ukazanie m\u0142odzie\u017cy alternatywnego sposobu sp\u0119dzania wolnego czasu i potrzeby integracji z r\u00f3wie\u015bnikami. Program obejmowa\u0142 szereg aktywno\u015bci fizycznych jak i r\u00f3\u017cnorodne warsztaty tj.: zaj\u0119cia praktyczne z udzielania pierwszej pomocy, popo\u0142udnia z grami planszowymi, warsztaty kulinarne, wsp\u00f3lny wyjazd do kina i na kr\u0119gle, warsztaty r\u0119kodzie\u0142a, turniej sportowy oraz dyskotek\u0119. <\/p>\n\n\n\n<p>Prelekcje zaproszonych go\u015bci maj\u0105 na celu u\u015bwiadomienie m\u0142odzie\u017cy co do zagro\u017ce\u0144 wynikaj\u0105cych ze stosowania substancji psychoaktywnych i dopalaczy oraz problemu uzale\u017cnienia od alkoholu w\u015br\u00f3d nieletnich jak i bezpiecznego i odpowiedzialnego korzystania z nowoczesnych technologii oraz u\u015bwiadamianie o zagro\u017ceniach czyhaj\u0105cych w sieci.<\/p>\n\n\n\n<!--nextpage-->\n\n\n\n<h3 class=\"has-vivid-red-color has-text-color wp-block-heading\"><strong>Wiecz\u00f3r Wspomnie\u0144 z Okazji 35 Rocznicy \u015amierci \u015bp. ks. Stanis\u0142awa Palim\u0105ki<\/strong><\/h3>\n\n\n\n<figure class=\"wp-block-gallery columns-1 is-cropped wp-block-gallery-3 is-layout-flex\"><ul class=\"blocks-gallery-grid\"><li class=\"blocks-gallery-item\"><figure><img decoding=\"async\" loading=\"lazy\" width=\"595\" height=\"421\" src=\"http:\/\/klimontow.org\/wp-content\/uploads\/2020\/06\/plakat.jpg\" alt=\"\" data-id=\"210\" data-full-url=\"http:\/\/klimontow.org\/wp-content\/uploads\/2020\/06\/plakat.jpg\" data-link=\"http:\/\/klimontow.org\/index.php\/nasze-zrealizowane-projekty\/plakat\/\" class=\"wp-image-210\" srcset=\"https:\/\/klimontow.org\/wp-content\/uploads\/2020\/06\/plakat.jpg 595w, https:\/\/klimontow.org\/wp-content\/uploads\/2020\/06\/plakat-300x212.jpg 300w\" sizes=\"(max-width: 595px) 100vw, 595px\" \/><\/figure><\/li><\/ul><\/figure>\n\n\n\n<p>W przededniu 35-rocznicy tragicznej \u015bmierci ks Stanis\u0142awa Palim\u0105ki z inicjatywy Burmistrza MiG Proszowice Grzegorza Cichego, ale i mieszka\u0144ca Parafii Klimont\u00f3w, przy udziale So\u0142ectwa, KGW i OSP zorganizowano &#8222;Wiecz\u00f3r wspomnie\u0144 o ks S. Palim\u0105ce&#8221;.<br>Spotkanie poprzedzi\u0142a koncelebrowana Msza \u015aw w intencji zmar\u0142ego ksi\u0119dza Stanis\u0142awa, po czym delegacje UMiG Proszowice, OSP, So\u0142ectwa, KGW, przedstawiciele szk\u00f3\u0142 z Klimontowa i Czuszowa z\u0142o\u017cyli na grobie kwiaty i zapalili znicze.<br>Na godz 16 w remizie OSP zaplanowano spotkanie mieszka\u0144c\u00f3w i zaproszonych go\u015bci, kt\u00f3rzy to licznie przybyli (ok 100 os\u00f3b) od najm\u0142odszych do najstarszych, kt\u00f3rych przedstawicielem by\u0142 senior Tadeusz Sok\u00f3\u0142 l.94, by\u0142y partyzant AK. By\u0142 Burmistrz MiG Proszowice, Przedstawiciele Urz\u0119du Gminy, nasi Radni, proboszcz Parafii Klimont\u00f3w ks Wiktor Mentel. Przyby\u0142 te\u017c proboszcz Parafii Wierbka k\/Pilicy ks Stanis\u0142aw Olesi\u0144ski. Ks Olesi\u0144ski, kt\u00f3ry to jako alumn przydzielony by\u0142 do pomocy duszpasterskiej w buduj\u0105cej si\u0119 parafii Klimont\u00f3w, ale te\u017c by\u0142 jedn\u0105 z ostatnich os\u00f3b kt\u00f3re widzia\u0142y ks Palim\u0105k\u0119 \u017cywego. Wspomina\u0142 ks Palim\u0105ke jako osobowo\u015b\u0107, ksi\u0119dza, proboszcza, budowniczego ko\u015bcio\u0142a ale i sw\u00f3j obraz zapami\u0119tany z tego ostatniego tragicznego dnia.<br>By\u0142y filmy, plakaty, zdj\u0119cia przyniesione przez mieszka\u0144c\u00f3w, wiersze, wspomnienia \u015bwiadk\u00f3w \u017cycia, pracy ale i pogrzebu. Nie oby\u0142o si\u0119 bez \u0142ez wzruszenia.<br>Ks Palim\u0105ka pozostawi\u0142 mieszka\u0144com pami\u0105tk\u0119 w postaci budowanej \u015awi\u0105tyni, cmentarza grzebalnego i plebanii ale i sam tutaj pozosta\u0142. Tajemnic\u0119 \u015bmierci zabra\u0142 do grobu.<br>My mieszka\u0144cy parafii nie chcemy aby up\u0142ywaj\u0105cy czasu zatar\u0142 pami\u0119\u0107 o Nim.<\/p>\n\n\n\n<figure class=\"wp-block-gallery columns-1 is-cropped wp-block-gallery-5 is-layout-flex\"><ul class=\"blocks-gallery-grid\"><li class=\"blocks-gallery-item\"><figure><img decoding=\"async\" loading=\"lazy\" width=\"720\" height=\"960\" src=\"http:\/\/klimontow.org\/wp-content\/uploads\/2020\/06\/palim\u0105ka-1.jpg\" alt=\"\" data-id=\"213\" data-full-url=\"http:\/\/klimontow.org\/wp-content\/uploads\/2020\/06\/palim\u0105ka-1.jpg\" data-link=\"http:\/\/klimontow.org\/index.php\/nasze-zrealizowane-projekty\/palimaka-1\/\" class=\"wp-image-213\" srcset=\"https:\/\/klimontow.org\/wp-content\/uploads\/2020\/06\/palim\u0105ka-1.jpg 720w, https:\/\/klimontow.org\/wp-content\/uploads\/2020\/06\/palim\u0105ka-1-225x300.jpg 225w\" sizes=\"(max-width: 720px) 100vw, 720px\" \/><\/figure><\/li><li class=\"blocks-gallery-item\"><figure><img decoding=\"async\" loading=\"lazy\" width=\"960\" height=\"720\" src=\"http:\/\/klimontow.org\/wp-content\/uploads\/2020\/06\/palim\u0105ka-2.jpg\" alt=\"\" data-id=\"214\" data-full-url=\"http:\/\/klimontow.org\/wp-content\/uploads\/2020\/06\/palim\u0105ka-2.jpg\" data-link=\"http:\/\/klimontow.org\/index.php\/nasze-zrealizowane-projekty\/palimaka-2\/\" class=\"wp-image-214\" srcset=\"https:\/\/klimontow.org\/wp-content\/uploads\/2020\/06\/palim\u0105ka-2.jpg 960w, https:\/\/klimontow.org\/wp-content\/uploads\/2020\/06\/palim\u0105ka-2-300x225.jpg 300w, https:\/\/klimontow.org\/wp-content\/uploads\/2020\/06\/palim\u0105ka-2-768x576.jpg 768w\" sizes=\"(max-width: 767px) 89vw, (max-width: 1000px) 54vw, (max-width: 1071px) 543px, 580px\" \/><\/figure><\/li><li class=\"blocks-gallery-item\"><figure><img decoding=\"async\" loading=\"lazy\" width=\"960\" height=\"720\" src=\"http:\/\/klimontow.org\/wp-content\/uploads\/2020\/06\/palim\u0105ka-3.jpg\" alt=\"\" data-id=\"215\" data-full-url=\"http:\/\/klimontow.org\/wp-content\/uploads\/2020\/06\/palim\u0105ka-3.jpg\" data-link=\"http:\/\/klimontow.org\/index.php\/nasze-zrealizowane-projekty\/palimaka-3\/\" class=\"wp-image-215\" srcset=\"https:\/\/klimontow.org\/wp-content\/uploads\/2020\/06\/palim\u0105ka-3.jpg 960w, https:\/\/klimontow.org\/wp-content\/uploads\/2020\/06\/palim\u0105ka-3-300x225.jpg 300w, https:\/\/klimontow.org\/wp-content\/uploads\/2020\/06\/palim\u0105ka-3-768x576.jpg 768w\" sizes=\"(max-width: 767px) 89vw, (max-width: 1000px) 54vw, (max-width: 1071px) 543px, 580px\" \/><\/figure><\/li><li class=\"blocks-gallery-item\"><figure><img decoding=\"async\" loading=\"lazy\" width=\"960\" height=\"720\" src=\"http:\/\/klimontow.org\/wp-content\/uploads\/2020\/06\/palim\u0105ka-4.jpg\" alt=\"\" data-id=\"216\" data-full-url=\"http:\/\/klimontow.org\/wp-content\/uploads\/2020\/06\/palim\u0105ka-4.jpg\" data-link=\"http:\/\/klimontow.org\/index.php\/nasze-zrealizowane-projekty\/palimaka-4\/\" class=\"wp-image-216\" srcset=\"https:\/\/klimontow.org\/wp-content\/uploads\/2020\/06\/palim\u0105ka-4.jpg 960w, https:\/\/klimontow.org\/wp-content\/uploads\/2020\/06\/palim\u0105ka-4-300x225.jpg 300w, https:\/\/klimontow.org\/wp-content\/uploads\/2020\/06\/palim\u0105ka-4-768x576.jpg 768w\" sizes=\"(max-width: 767px) 89vw, (max-width: 1000px) 54vw, (max-width: 1071px) 543px, 580px\" \/><\/figure><\/li><li class=\"blocks-gallery-item\"><figure><img decoding=\"async\" loading=\"lazy\" width=\"960\" height=\"720\" src=\"http:\/\/klimontow.org\/wp-content\/uploads\/2020\/06\/palim\u0105ka-5.jpg\" alt=\"\" data-id=\"217\" data-full-url=\"http:\/\/klimontow.org\/wp-content\/uploads\/2020\/06\/palim\u0105ka-5.jpg\" data-link=\"http:\/\/klimontow.org\/index.php\/nasze-zrealizowane-projekty\/palimaka-5\/\" class=\"wp-image-217\" srcset=\"https:\/\/klimontow.org\/wp-content\/uploads\/2020\/06\/palim\u0105ka-5.jpg 960w, https:\/\/klimontow.org\/wp-content\/uploads\/2020\/06\/palim\u0105ka-5-300x225.jpg 300w, https:\/\/klimontow.org\/wp-content\/uploads\/2020\/06\/palim\u0105ka-5-768x576.jpg 768w\" sizes=\"(max-width: 767px) 89vw, (max-width: 1000px) 54vw, (max-width: 1071px) 543px, 580px\" \/><\/figure><\/li><li class=\"blocks-gallery-item\"><figure><img decoding=\"async\" loading=\"lazy\" width=\"960\" height=\"720\" src=\"http:\/\/klimontow.org\/wp-content\/uploads\/2020\/06\/palim\u0105ka-6.jpg\" alt=\"\" data-id=\"218\" data-full-url=\"http:\/\/klimontow.org\/wp-content\/uploads\/2020\/06\/palim\u0105ka-6.jpg\" data-link=\"http:\/\/klimontow.org\/index.php\/nasze-zrealizowane-projekty\/palimaka-6\/\" class=\"wp-image-218\" srcset=\"https:\/\/klimontow.org\/wp-content\/uploads\/2020\/06\/palim\u0105ka-6.jpg 960w, https:\/\/klimontow.org\/wp-content\/uploads\/2020\/06\/palim\u0105ka-6-300x225.jpg 300w, https:\/\/klimontow.org\/wp-content\/uploads\/2020\/06\/palim\u0105ka-6-768x576.jpg 768w\" sizes=\"(max-width: 767px) 89vw, (max-width: 1000px) 54vw, (max-width: 1071px) 543px, 580px\" \/><\/figure><\/li><li class=\"blocks-gallery-item\"><figure><img decoding=\"async\" loading=\"lazy\" width=\"960\" height=\"720\" src=\"http:\/\/klimontow.org\/wp-content\/uploads\/2020\/06\/palim\u0105ka-7.jpg\" alt=\"\" data-id=\"219\" data-full-url=\"http:\/\/klimontow.org\/wp-content\/uploads\/2020\/06\/palim\u0105ka-7.jpg\" data-link=\"http:\/\/klimontow.org\/index.php\/nasze-zrealizowane-projekty\/palimaka-7\/\" class=\"wp-image-219\" srcset=\"https:\/\/klimontow.org\/wp-content\/uploads\/2020\/06\/palim\u0105ka-7.jpg 960w, https:\/\/klimontow.org\/wp-content\/uploads\/2020\/06\/palim\u0105ka-7-300x225.jpg 300w, https:\/\/klimontow.org\/wp-content\/uploads\/2020\/06\/palim\u0105ka-7-768x576.jpg 768w\" sizes=\"(max-width: 767px) 89vw, (max-width: 1000px) 54vw, (max-width: 1071px) 543px, 580px\" \/><\/figure><\/li><li class=\"blocks-gallery-item\"><figure><img decoding=\"async\" loading=\"lazy\" width=\"960\" height=\"720\" src=\"http:\/\/klimontow.org\/wp-content\/uploads\/2020\/06\/palim\u0105ka-9.jpg\" alt=\"\" data-id=\"220\" data-full-url=\"http:\/\/klimontow.org\/wp-content\/uploads\/2020\/06\/palim\u0105ka-9.jpg\" data-link=\"http:\/\/klimontow.org\/index.php\/nasze-zrealizowane-projekty\/palimaka-9\/\" class=\"wp-image-220\" srcset=\"https:\/\/klimontow.org\/wp-content\/uploads\/2020\/06\/palim\u0105ka-9.jpg 960w, https:\/\/klimontow.org\/wp-content\/uploads\/2020\/06\/palim\u0105ka-9-300x225.jpg 300w, https:\/\/klimontow.org\/wp-content\/uploads\/2020\/06\/palim\u0105ka-9-768x576.jpg 768w\" sizes=\"(max-width: 767px) 89vw, (max-width: 1000px) 54vw, (max-width: 1071px) 543px, 580px\" \/><\/figure><\/li><li class=\"blocks-gallery-item\"><figure><img decoding=\"async\" loading=\"lazy\" width=\"960\" height=\"720\" src=\"http:\/\/klimontow.org\/wp-content\/uploads\/2020\/06\/palim\u0105ka-10.jpg\" alt=\"\" data-id=\"221\" data-full-url=\"http:\/\/klimontow.org\/wp-content\/uploads\/2020\/06\/palim\u0105ka-10.jpg\" data-link=\"http:\/\/klimontow.org\/index.php\/nasze-zrealizowane-projekty\/palimaka-10\/\" class=\"wp-image-221\" srcset=\"https:\/\/klimontow.org\/wp-content\/uploads\/2020\/06\/palim\u0105ka-10.jpg 960w, https:\/\/klimontow.org\/wp-content\/uploads\/2020\/06\/palim\u0105ka-10-300x225.jpg 300w, https:\/\/klimontow.org\/wp-content\/uploads\/2020\/06\/palim\u0105ka-10-768x576.jpg 768w\" sizes=\"(max-width: 767px) 89vw, (max-width: 1000px) 54vw, (max-width: 1071px) 543px, 580px\" \/><\/figure><\/li><li class=\"blocks-gallery-item\"><figure><img decoding=\"async\" loading=\"lazy\" width=\"720\" height=\"960\" src=\"http:\/\/klimontow.org\/wp-content\/uploads\/2020\/06\/palim\u0105ka-11.jpg\" alt=\"\" data-id=\"222\" data-full-url=\"http:\/\/klimontow.org\/wp-content\/uploads\/2020\/06\/palim\u0105ka-11.jpg\" data-link=\"http:\/\/klimontow.org\/index.php\/nasze-zrealizowane-projekty\/palimaka-11\/\" class=\"wp-image-222\" srcset=\"https:\/\/klimontow.org\/wp-content\/uploads\/2020\/06\/palim\u0105ka-11.jpg 720w, https:\/\/klimontow.org\/wp-content\/uploads\/2020\/06\/palim\u0105ka-11-225x300.jpg 225w\" sizes=\"(max-width: 720px) 100vw, 720px\" \/><\/figure><\/li><li class=\"blocks-gallery-item\"><figure><img decoding=\"async\" loading=\"lazy\" width=\"720\" height=\"960\" src=\"http:\/\/klimontow.org\/wp-content\/uploads\/2020\/06\/palim\u0105ka8.jpg\" alt=\"\" data-id=\"223\" data-full-url=\"http:\/\/klimontow.org\/wp-content\/uploads\/2020\/06\/palim\u0105ka8.jpg\" data-link=\"http:\/\/klimontow.org\/index.php\/nasze-zrealizowane-projekty\/palimaka8\/\" class=\"wp-image-223\" srcset=\"https:\/\/klimontow.org\/wp-content\/uploads\/2020\/06\/palim\u0105ka8.jpg 720w, https:\/\/klimontow.org\/wp-content\/uploads\/2020\/06\/palim\u0105ka8-225x300.jpg 225w\" sizes=\"(max-width: 720px) 100vw, 720px\" \/><\/figure><\/li><li class=\"blocks-gallery-item\"><figure><img decoding=\"async\" loading=\"lazy\" width=\"1024\" height=\"768\" src=\"http:\/\/klimontow.org\/wp-content\/uploads\/2020\/06\/palim\u0105ka-12-1024x768.jpg\" alt=\"\" data-id=\"225\" data-full-url=\"http:\/\/klimontow.org\/wp-content\/uploads\/2020\/06\/palim\u0105ka-12.jpg\" data-link=\"http:\/\/klimontow.org\/index.php\/nasze-zrealizowane-projekty\/palimaka-12\/\" class=\"wp-image-225\" srcset=\"https:\/\/klimontow.org\/wp-content\/uploads\/2020\/06\/palim\u0105ka-12-1024x768.jpg 1024w, https:\/\/klimontow.org\/wp-content\/uploads\/2020\/06\/palim\u0105ka-12-300x225.jpg 300w, https:\/\/klimontow.org\/wp-content\/uploads\/2020\/06\/palim\u0105ka-12-768x576.jpg 768w, https:\/\/klimontow.org\/wp-content\/uploads\/2020\/06\/palim\u0105ka-12-1536x1152.jpg 1536w, https:\/\/klimontow.org\/wp-content\/uploads\/2020\/06\/palim\u0105ka-12.jpg 1944w\" sizes=\"(max-width: 767px) 89vw, (max-width: 1000px) 54vw, (max-width: 1071px) 543px, 580px\" \/><\/figure><\/li><li class=\"blocks-gallery-item\"><figure><img decoding=\"async\" loading=\"lazy\" width=\"960\" height=\"720\" src=\"http:\/\/klimontow.org\/wp-content\/uploads\/2020\/06\/palim\u0105ka-13.jpg\" alt=\"\" data-id=\"226\" data-full-url=\"http:\/\/klimontow.org\/wp-content\/uploads\/2020\/06\/palim\u0105ka-13.jpg\" data-link=\"http:\/\/klimontow.org\/index.php\/nasze-zrealizowane-projekty\/palimaka-13\/\" class=\"wp-image-226\" srcset=\"https:\/\/klimontow.org\/wp-content\/uploads\/2020\/06\/palim\u0105ka-13.jpg 960w, https:\/\/klimontow.org\/wp-content\/uploads\/2020\/06\/palim\u0105ka-13-300x225.jpg 300w, https:\/\/klimontow.org\/wp-content\/uploads\/2020\/06\/palim\u0105ka-13-768x576.jpg 768w\" sizes=\"(max-width: 767px) 89vw, (max-width: 1000px) 54vw, (max-width: 1071px) 543px, 580px\" \/><\/figure><\/li><\/ul><figcaption class=\"blocks-gallery-caption\">Tekst  i zdj\u0119cia E. M <\/figcaption><\/figure>\n\n\n\n<p><\/p>\n","protected":false},"excerpt":{"rendered":"<p>Aktywne ferie na Wsi Jednym z ostatnich projekt\u00f3w, kt\u00f3re Ko\u0142o Gospody\u0144 Wiejskich w Klimontowie zrealizowa\u0142o przy wsparciu Zarz\u0105du Wojew\u00f3dztwa Ma\u0142opolskiego, Urz\u0119du Gminy i Miasta Proszowice oraz Prezesa Gie\u0142dy Rolnej EK-ROL Sp. z.o.o w Proszowicach by\u0142 programu \u201cAktywne Ferie na Wsi\u201d skierowanego do dzieci i m\u0142odzie\u017cy z naszego So\u0142ectwa. Do wsp\u00f3\u0142pracy zaprosili\u015bmy druh\u00f3w z OSP Klimont\u00f3w, &hellip; <\/p>\n<p class=\"link-more\"><a href=\"https:\/\/klimontow.org\/index.php\/nasze-zrealizowane-projekty\/\" class=\"more-link\">Czytaj dalej<span class=\"screen-reader-text\"> Projekty<\/span><\/a><\/p>\n","protected":false},"author":1,"featured_media":0,"parent":0,"menu_order":0,"comment_status":"closed","ping_status":"closed","template":"","meta":[],"_links":{"self":[{"href":"https:\/\/klimontow.org\/index.php\/wp-json\/wp\/v2\/pages\/57"}],"collection":[{"href":"https:\/\/klimontow.org\/index.php\/wp-json\/wp\/v2\/pages"}],"about":[{"href":"https:\/\/klimontow.org\/index.php\/wp-json\/wp\/v2\/types\/page"}],"author":[{"embeddable":true,"href":"https:\/\/klimontow.org\/index.php\/wp-json\/wp\/v2\/users\/1"}],"replies":[{"embeddable":true,"href":"https:\/\/klimontow.org\/index.php\/wp-json\/wp\/v2\/comments?post=57"}],"version-history":[{"count":12,"href":"https:\/\/klimontow.org\/index.php\/wp-json\/wp\/v2\/pages\/57\/revisions"}],"predecessor-version":[{"id":343,"href":"https:\/\/klimontow.org\/index.php\/wp-json\/wp\/v2\/pages\/57\/revisions\/343"}],"wp:attachment":[{"href":"https:\/\/klimontow.org\/index.php\/wp-json\/wp\/v2\/media?parent=57"}],"curies":[{"name":"wp","href":"https:\/\/api.w.org\/{rel}","templated":true}]}}