{"id":1194,"date":"2023-05-05T12:52:31","date_gmt":"2023-05-05T10:52:31","guid":{"rendered":"http:\/\/klimontow.org\/?page_id=1194"},"modified":"2023-05-05T16:56:23","modified_gmt":"2023-05-05T14:56:23","slug":"kontakt-solectwo-klimontow","status":"publish","type":"page","link":"https:\/\/klimontow.org\/index.php\/kontakt-solectwo-klimontow\/","title":{"rendered":"Kontakt  &#8211; So\u0142ectwo Klimont\u00f3w"},"content":{"rendered":"\n<p class=\"has-text-align-center\"><strong>So\u0142tys:<\/strong><em>&nbsp;Joanna Piwowarska<\/em><\/p>\n\n\n\n<p class=\"has-text-align-center\"><br><strong>Rada So\u0142ecka:\u00a0<br><\/strong><em>Przemys\u0142aw W\u00f3jcik, <\/em><br><em>Grzegorz Pierzcha\u0142a, <\/em><br><em>El\u017cbieta Moskowczenko, <\/em><br><em>Arkadiusz Olech, <\/em><br><em>Dorota Ry\u0144ca, <\/em><br><em>Marek \u0141ach<\/em><\/p>\n\n\n\n<p><\/p>\n\n\n\n<p><strong>Adres: <\/strong>Klimont\u00f3w 350, 32-112 Klimont\u00f3w<\/p>\n\n\n\n<p><strong>Telefon kom\u00f3rkowy:<\/strong> 661 124 851<\/p>\n\n\n\n<p><strong>Adres e-mail:<\/strong> solectwoklimontow@gmail.com<\/p>\n\n\n\n<p><strong>Link do profilu na FB:<\/strong> <a href=\"https:\/\/www.facebook.com\/profile.php?id=100068720139286\" data-type=\"URL\" data-id=\"https:\/\/www.facebook.com\/profile.php?id=100068720139286\" target=\"_blank\" rel=\"noreferrer noopener\">So\u0142ectwo Klimont\u00f3w <\/a><\/p>\n","protected":false},"excerpt":{"rendered":"<p>So\u0142tys:&nbsp;Joanna Piwowarska Rada So\u0142ecka:\u00a0Przemys\u0142aw W\u00f3jcik, Grzegorz Pierzcha\u0142a, El\u017cbieta Moskowczenko, Arkadiusz Olech, Dorota Ry\u0144ca, Marek \u0141ach Adres: Klimont\u00f3w 350, 32-112 Klimont\u00f3w Telefon kom\u00f3rkowy: 661 124 851 Adres e-mail: solectwoklimontow@gmail.com Link do profilu na FB: So\u0142ectwo Klimont\u00f3w<\/p>\n","protected":false},"author":1,"featured_media":0,"parent":0,"menu_order":0,"comment_status":"closed","ping_status":"closed","template":"","meta":[],"_links":{"self":[{"href":"https:\/\/klimontow.org\/index.php\/wp-json\/wp\/v2\/pages\/1194"}],"collection":[{"href":"https:\/\/klimontow.org\/index.php\/wp-json\/wp\/v2\/pages"}],"about":[{"href":"https:\/\/klimontow.org\/index.php\/wp-json\/wp\/v2\/types\/page"}],"author":[{"embeddable":true,"href":"https:\/\/klimontow.org\/index.php\/wp-json\/wp\/v2\/users\/1"}],"replies":[{"embeddable":true,"href":"https:\/\/klimontow.org\/index.php\/wp-json\/wp\/v2\/comments?post=1194"}],"version-history":[{"count":5,"href":"https:\/\/klimontow.org\/index.php\/wp-json\/wp\/v2\/pages\/1194\/revisions"}],"predecessor-version":[{"id":1225,"href":"https:\/\/klimontow.org\/index.php\/wp-json\/wp\/v2\/pages\/1194\/revisions\/1225"}],"wp:attachment":[{"href":"https:\/\/klimontow.org\/index.php\/wp-json\/wp\/v2\/media?parent=1194"}],"curies":[{"name":"wp","href":"https:\/\/api.w.org\/{rel}","templated":true}]}}