{"id":1155,"date":"2023-03-20T00:14:56","date_gmt":"2023-03-19T23:14:56","guid":{"rendered":"http:\/\/klimontow.org\/?page_id=1155"},"modified":"2023-05-29T05:14:12","modified_gmt":"2023-05-29T03:14:12","slug":"ksrg-osp-w-klimontowie","status":"publish","type":"page","link":"https:\/\/klimontow.org\/index.php\/ksrg-osp-w-klimontowie\/","title":{"rendered":"OSP KSRG w Klimontowie"},"content":{"rendered":"\n<p>&#8222;Bogu na chwa\u0142\u0119, ludziom na po\u017cytek&#8221;<\/p>\n\n\n\n<p><a href=\"http:\/\/Film z uroczysto\u015b\u0107 wst\u0105pienia OSP KLIMONT\u00d3W do KSRG\" target=\"_blank\" rel=\"noreferrer noopener\">Film z uroczysto\u015b\u0107 wst\u0105pienia OSP KLIMONT\u00d3W do KSRG <\/a><a href=\"\"><\/a><\/p>\n\n\n\n<p><a href=\"\"><\/a><\/p>\n\n\n\n<p><strong>Historia Ochotniczej Stra\u017cy Po\u017carnej w Klimontowie.<\/strong><\/p>\n\n\n\n<p>Dzieje Ochotniczej Stra\u017cy Po\u017carnej w Klimontowie si\u0119gaj\u0105 czas\u00f3w II Rzeczypospolitej. W tamtych latach prawdziwym utrapieniem mieszka\u0144c\u00f3w wsi by\u0142y cz\u0119ste po\u017cary, zw\u0142aszcza drewnianej zabudowy. St\u0105d dojrzewaj\u0105ca od pewnego czasu inicjatywa za spraw\u0105 W\u0142adys\u0142awa O\u017coga zosta\u0142a przekuta w czyn. Z jego inspiracji dosz\u0142o 15 czerwca 1924 roku do powo\u0142ania jednostki stra\u017cy ogniowej w Klimontowie. W grupie za\u0142o\u017cycielskiej znalaz\u0142o si\u0119 16 m\u0119\u017cczyzn, kt\u00f3rzy wybrali zarz\u0105d w nast\u0119puj\u0105cym sk\u0142adzie: prezesem zosta\u0142 Adam Dziedzicki, w\u0142a\u015bciciel maj\u0105tku ziemskiego w Klimontowie, naczelnikiem obrano Wiktora D\u0105bka, kasjerem &#8211; Jana Psic\u0119, a gospodarzem nowej dru\u017cyny zosta\u0142 Tadeusz Podstawa. Formacja od pocz\u0105tku by\u0142a dobrze wyposa\u017cona i przygotowana do akcji ga\u015bniczych. Adam Dziedzicki, prezes jednostki, w 1924 roku kupi\u0142 dla niej sikawk\u0119 r\u0119czn\u0105 tzw. \u201e\u017cabk\u0119&#8221;.<\/p>\n\n\n\n<p>Jak wspominaj\u0105 najstarsi druhowie pierwsza remiza, znajdowa\u0142a si\u0119 na \u201eStarej Wsi\u201d. Druhowie w nast\u0119pnej kolejno\u015bci przyst\u0105pili do budowy drewnianej remizy, w kt\u00f3rej mogliby pomie\u015bci\u0107 cenny sprz\u0119t po\u017carniczy i osobiste wyposa\u017cenie. Remiza zosta\u0142a wybudowana przy drodze w kierunku Szczytnik. Przez kilkana\u015bcie przedwojennych lat klimontowska stra\u017c rozwija\u0142a si\u0119 pomy\u015blnie. Po wybuchu II wojny \u015bwiatowej w czasie niemieckiej okupacji dzia\u0142alno\u015b\u0107 spo\u0142eczna i kulturalna stra\u017cy zosta\u0142a zawieszona. Druhowie podejmowali dzia\u0142alno\u015b\u0107 konspiracyjn\u0105 w oddzia\u0142ach partyzanckich.<\/p>\n\n\n\n<p>W 1945 roku stra\u017cacy reaktywowali dzia\u0142alno\u015b\u0107 jednostki. Kierowa\u0142a ni\u0105 zarz\u0105d w sk\u0142adzie:<\/p>\n\n\n\n<p>W\u0142adys\u0142aw O\u017c\u00f3g &#8211; prezes,<\/p>\n\n\n\n<p>J\u00f3zef Pozowski \u2013 naczelnik,<\/p>\n\n\n\n<p>Jan Gradzi \u2013 sekretarz,<\/p>\n\n\n\n<p>Stanis\u0142aw Kura \u2013 skarbnik,<\/p>\n\n\n\n<p>Stanis\u0142aw W\u00f3jcik \u2013 gospodarz.<\/p>\n\n\n\n<p>&nbsp;&nbsp;&nbsp;&nbsp;&nbsp;&nbsp;&nbsp;&nbsp;&nbsp;&nbsp;&nbsp; Po wojnie OSP Klimont\u00f3w zamieni\u0142a w\u0142asn\u0105 dzia\u0142k\u0119 znajduj\u0105c\u0105 si\u0119 przy drodze wojew\u00f3dzkiej na dzia\u0142k\u0119 z budynkiem dawnych dworskich spichlerzy. Wsp\u00f3lnymi si\u0142ami zosta\u0142y one wyremontowane i zagospodarowane na stoj\u0105c\u0105 do dzi\u015b remiz\u0119.<\/p>\n\n\n\n<p>W 1950 roku do zarz\u0105du powo\u0142ani zostali nowi cz\u0142onkowie.<\/p>\n\n\n\n<p>Wit Nowak zosta\u0142 naczelnikiem, Edward B\u0142aut -zast\u0119pc\u0105 naczelnika, Jan Go\u0142dyn sekretarzem.<\/p>\n\n\n\n<p>W latach 50 ubieg\u0142ego stulecia dosz\u0142o do najwi\u0119kszego po\u017caru, w jakim jednostka z Klimontowa bra\u0142a udzia\u0142. Pali\u0142y si\u0119 stodo\u0142y podworskie w Klimontowie. Akcja wraz z dogaszaniem trwa\u0142a prawie dwa tygodnie.<\/p>\n\n\n\n<p>W 1959 roku naczelnikiem stra\u017cy zostaje Tadeusz Zubalski. Stra\u017cacy zakupili w\u00f3z konny przystosowany do przewo\u017cenia sikawki i innego sprz\u0119tu. Do nowego nabytku i akcji ga\u015bniczych wyznaczone by\u0142y zaprz\u0119gi konne druh\u00f3w ochotnik\u00f3w: W\u0142adys\u0142awa Stanka, J\u00f3zefa Kotyzy, Wac\u0142awa Wirka i Jana Stanka.<\/p>\n\n\n\n<p>Rok 1964 przyni\u00f3s\u0142 kolejne zmiany w strukturach w\u0142adz OSP Klimont\u00f3w. Obowi\u0105zki prezesa powierzono w\u00f3wczas J\u00f3zefowi Kurze, naczelnika &#8211; Stanis\u0142awowi Olendrowi, zast\u0119pc\u0105 naczelnika zosta\u0142 Boles\u0142aw Podstawa, sekretarzem &#8211; Jan Go\u0142dyn, gospodarzem &#8211; Tadeusz \u0141ach, a piecz\u0119 nad finansami jednostki sprawowa\u0142 skarbnik &#8211; Stanis\u0142aw Kura.<\/p>\n\n\n\n<p>Za czas\u00f3w tego zarz\u0105du do Klimontowa trafi\u0142 pierwszy samoch\u00f3d bojowy, kt\u00f3rym od 1967 roku by\u0142 Star-20 ZGM, w zestawie z motopomp\u0105 PO-5.<\/p>\n\n\n\n<p>W celu ochrony przeciwpo\u017carowej w 1974 roku stra\u017cacy w\u0142asnymi \u015brodkami wybudowali zbiornik przeciwpo\u017carowy, kt\u00f3ry zabezpiecza\u0142 rezerwy wody na wypadek po\u017car\u00f3w.<\/p>\n\n\n\n<p>Wa\u017cnym wydarzeniem w \u017cyciu jednostki by\u0142o nadanie stra\u017cy w Klimontowie sztandaru w 1978 roku. Ufundowany zosta\u0142 On ze \u015brodk\u00f3w w\u0142asnych, a pierwszym chor\u0105\u017cym zosta\u0142 Andrzej Olender \u2013 obecny Komendant Gminny.<\/p>\n\n\n\n<p>Wielokrotnie dru\u017cyna ochotnicza tutejszej stra\u017cy zdobywa\u0142a najwy\u017csze laury w gminnych zawodach sportowo po\u017carniczych. Najwi\u0119kszym sukcesem jak dot\u0105d by\u0142o zaj\u0119cie V miejsca na wojew\u00f3dzkich zawodach rozgrywanych w Krakowie w 1980 roku.<\/p>\n\n\n\n<p>W roku 1984 na walnym zebraniu ochotniczego stowarzyszenia druhowie z\u0142o\u017cyli podzi\u0119kowanie dotychczasowemu kierownictwu za 20 lat intensywnej pracy i powo\u0142ali nowy zarz\u0105d w sk\u0142adzie: Zdzis\u0142aw Kura &#8211; prezes, Andrzej Olender &#8211; naczelnik, Jaros\u0142aw Talarek &#8211; zast\u0119pca naczelnika, Wies\u0142aw Przyjemski &#8211; skarbnik, Marian Go\u0142dyn &#8211; sekretarz, Marian Stanek &#8211; gospodarz, Antoni Por\u0119bski &#8211; cz\u0142onek zarz\u0105du. Nowe w\u0142adze sprawnie przej\u0119\u0142y stery jednostki i kontynuowa\u0142y zadania rozpocz\u0119te przez swoich poprzednik\u00f3w.<\/p>\n\n\n\n<p>Jednostka OSP Klimont\u00f3w zawsze by\u0142a organizatorem i animatorem \u017cycia kulturalnego wsi. Druhowie brali udzia\u0142 w uroczysto\u015bciach ko\u015bcielnych, aktywnie w\u0142\u0105czali si\u0119 w prace przy organizacji parafii i budowie ko\u015bcio\u0142a w Klimontowie, kt\u00f3re prowadzi\u0142 nieod\u017ca\u0142owany, tragicznie zmar\u0142y proboszcz ks. Stanis\u0142aw Palim\u0105ka. Niejednokrotnie Stra\u017cacy udowadniali, i\u017c has\u0142o OSP \u201eBogu na chwa\u0142\u0119, ludziom na po\u017cytek\u201d nie jest im obce. Mimo zakazu w\u0142adz komunistycznych, w latach 80-tych wozem stra\u017cackim na sygnale wprowadzali Krzy\u017c nawiedzaj\u0105cy parafi\u0119 do Bobina, za co czeka\u0142y ich wezwania na milicj\u0119. Po dzi\u015b tradycyjnie druhowie z OSP Klimont\u00f3w trzymaj\u0105 wart\u0119 przy Grobie Pa\u0144skim i organizuj\u0105 po rezurekcji \u015bniadanie Wielkanocne.<\/p>\n\n\n\n<p>W odpowiedzi na nowe potrzeby i oczekiwania kierowane pod adresem stra\u017cy po\u017carnej w Klimontowie, druhowie w latach 1991-92 wybudowali i oddali do u\u017cytku lokalnej spo\u0142eczno\u015bci najwi\u0119ksz\u0105 w gminie konstrukcj\u0119 metalowej wiaty, pod kt\u00f3r\u0105 odbywaj\u0105 si\u0119 plenerowe spotkania, zabawy i wydarzenia kulturalne.<\/p>\n\n\n\n<p>Kolejn\u0105 zmian\u0119 pokoleniow\u0105 we w\u0142adzach OSP Klimont\u00f3w zanotowano w 1997 roku. Druhowie wybrali nowy zarz\u0105d, na czele, kt\u00f3rego postawili Jerzego Pierzcha\u0142\u0119, w funkcji prezesa. Do niego do\u0142\u0105czyli: W\u0142odzimierz Kura &#8211; naczelnik, Wies\u0142aw Przyjemski -skarbnik, Andrzej Pierzcha\u0142a &#8211; sekretarz, Marian Stanek &#8211; gospodarz.<\/p>\n\n\n\n<p>W roku 2005 jednostka zmieni\u0142a wiekowy samoch\u00f3d Star na stra\u017cackiego \u017buka przystosowanego do akcji bojowych. W 2011 do s\u0142u\u017cby w jednostce wszed\u0142 samoch\u00f3d lekki Opel Movano.<\/p>\n\n\n\n<p>Rok 2016 to kolejna zmiana pokoleniowa zarz\u0105du. Prezesem zosta\u0142 Kamil Stanek, zast\u0119pc\u0105 Dawid Bielecki, Naczelnikiem \u2013 Grzegorz Piwowarski, Skarbnikiem &#8211; Miros\u0142aw Marzec. W tym czasie zaczyna si\u0119 wiele prac przy modernizacji remizy, izolacje fundament\u00f3w, remonty wewn\u0105trz pomieszcze\u0144 i docieplanie \u015bcian.<\/p>\n\n\n\n<p>11 wrze\u015bnia 2016 \u2013 obchodzili\u015bmy jubileusz 90-lecia dzia\u0142alno\u015bci.<\/p>\n\n\n\n<p>W 2017 roku pozyskali\u015bmy w\u00f3z stra\u017cacki Jelcz 422, jesieni\u0105 odby\u0142 si\u0119 wyjazd szkoleniowy dla m\u0142odzie\u017cy do Zakopanego.<\/p>\n\n\n\n<p>11 czerwiec 2018 \u2013 nasza OSP zdoby\u0142a I miejsce podczas IV mistrzostw powiatu w ratownictwie powiatu proszowickiego.<\/p>\n\n\n\n<p>W marcu 2019 ruszy\u0142a budowa nowego gara\u017cu.<\/p>\n\n\n\n<p>9 czerwca 2019 &#8211; reprezentacja OSP z Klimontowa zwyci\u0119\u017cy\u0142a w V mistrzostwach powiatu proszowickiego w ratownictwie.<\/p>\n\n\n\n<p>23 czerwca 2019 &#8211; uroczysto\u015b\u0107 95-lecia OSP, a tak\u017ce po\u015bwi\u0119cenie przekazanego przez OSP KSRG Ko\u015bcielec wozu stra\u017cackiego Jelcz 422 oraz wmurowanie kamienia w\u0119gielnego w \u015bcian\u0119 nowo powstaj\u0105cej remizy.<\/p>\n\n\n\n<p>21 czerwca 2021 to kolejna zmiana pokoleniowa zarz\u0105du. Prezesem zosta\u0142 Grzegorz Piwowarski, Zast\u0119pc\u0105 Prezesa \u2013 Piotr Skrzela, Naczelnikiem &#8211; Przemys\u0142aw Kope\u0107, Zast\u0119pc\u0105 Naczelnika \u2013 Dariusz Skrzela, Skarbnikiem &#8211; Miros\u0142aw Marzec, Gospodarz Karol Nowak Gospodarz II Krzysztof Urba\u0144czyk, cz\u0142onkami zarz\u0105d: W\u0142odzimierz Kura, Grzegorz Cichy.<\/p>\n\n\n\n<p><strong>29 sierpnia 2021 \u2013 uroczysto\u015b\u0107 ods\u0142oni\u0119cia zbudowanego na placu przed remiz\u0105 pomnika lotnik\u00f3w 24. Eskadry Rozpoznawczej Armii \u201eKrak\u00f3w\u201d z udzia\u0142em Wojska Polskiego i Lotnictwa Polskiego.<\/strong><\/p>\n\n\n\n<p>8 wrze\u015bnia 2021 &#8211; w Komendzie Powiatowej Pa\u0144stwowej Stra\u017cy Po\u017carnej w Proszowicach nast\u0105pi\u0142o podpisanie tr\u00f3jstronnego porozumienia dotycz\u0105cego wst\u0105pienia OSP Klimont\u00f3w do Krajowego Systemu Ratowniczo-Ga\u015bniczego.<\/p>\n\n\n\n<p>Umow\u0119 podpisali: komendant Janusz Chawi\u0144ski, burmistrz Grzegorz Cichy, prezes Grzegorz Piwowarski.<\/p>\n\n\n\n<p>Obecni byli: zast\u0119pca komendanta Bogus\u0142aw Skowron, bryg Micha\u0142 Paw\u0142owski i naczelnik Przemys\u0142aw Kope\u0107, prezes Grzegorz \u015al\u0105ski. OSP Klimont\u00f3w ma by\u0107 trzeci\u0105 po OSP KSRG Bobin i Ko\u015bcielec jednostk\u0105 w KSRG w Gminie i Mie\u015bcie Proszowice.<\/p>\n\n\n\n<p>11 i 12 wrze\u015bnia 2021 &#8211; w O\u015brodku Czorsztyn &#8211; Ski w Kluszkowcach, w gminie Czorsztyn, dru\u017cyna OSP Klimont\u00f3w zaj\u0119\u0142a 12 miejsce na VIII Og\u00f3lnopolskiej Olimpiadzie Sportowo &#8211; Po\u017carniczej Stra\u017cak\u00f3w OSP.<\/p>\n\n\n\n<p>W dniu 6 grudnia 2021 r. Komendant G\u0142\u00f3wny PSP w\u0142\u0105czy\u0142 OSP Klimont\u00f3w do Krajowego Systemu Ratowniczo-Ga\u015bniczego.<\/p>\n\n\n\n<p>Dzisiaj OSP Klimont\u00f3w mo\u017ce pochwali\u0107 si\u0119 sukcesami i aktywno\u015bci\u0105:<\/p>\n\n\n\n<p class=\"has-large-font-size\">&#8211; jednostka dwukrotnie zdoby\u0142a pierwsze miejsce w Mistrzostwach Ratownictwa Powiatu Proszowickiego,<\/p>\n\n\n\n<p>&#8211; z powodzeniem bra\u0142a udzia\u0142 w Og\u00f3lnopolskiej Olimpiadzie OSP w Czorsztynie<\/p>\n\n\n\n<p>&#8211; ma wysoki stopie\u0144 gotowo\u015bci i sprawno\u015bci bojowej, druhowie OSP Klimont\u00f3w uczestnicz\u0105 w wielu akcjach ratowniczo-ga\u015bniczych.<\/p>\n\n\n\n<p>Rok 2021 \u2013 ok 56<\/p>\n\n\n\n<p>Rok 2020 \u2013 86 najwi\u0119cej w gminie Proszowice,<\/p>\n\n\n\n<p>Rok 2019 &#8211; 54.<\/p>\n\n\n\n<p>OSP Klimont\u00f3w zosta\u0142a w ci\u0105gu ostatnich lat bardzo dobrze wyposa\u017cona w sprz\u0119t s\u0142u\u017c\u0105cy do udzielania pomocy poszkodowanym w ramach ratownictwa technicznego, drogowego i powodziowego.<\/p>\n\n\n\n<p>Jednostka nasza ze wzgl\u0119du na swoj\u0105 lokalizacj\u0119 przy drodze wojew\u00f3dzkiej 776 cz\u0119sto uczestniczy w akcjach prowadzonych przez Komend\u0119 Powiatow\u0105 Pa\u0144stwowej Stra\u017cy Po\u017carnej w Proszowicach. Wyje\u017cd\u017camy do likwidacji miejscowych zagro\u017ce\u0144 takich jak po\u017cary budynk\u00f3w i skutk\u00f3w wypadk\u00f3w komunikacyjnych. Du\u017ca liczba akcji, w kt\u00f3rych uczestnicz\u0105 druhowie wi\u0105\u017ce si\u0119 z usuwaniem skutk\u00f3w podtopie\u0144 powsta\u0142ych w wyniku wezbra\u0144 potok\u00f3w i ciek\u00f3w wodnych.<\/p>\n\n\n\n<p>Jednostka OSP Klimont\u00f3w liczy 27 cz\u0142onk\u00f3w przeszkolonych i gotowych do udzia\u0142u w akcjach ratowniczo &#8211; ga\u015bniczych. Nasi druhowie s\u0105 dyspozycyjni przez ca\u0142\u0105 dob\u0119. Zarz\u0105d Ochotniczej Stra\u017cy Po\u017carnej w Klimontowie utrzymuje wysoki stan gotowo\u015bci jednostki do dzia\u0142a\u0144 ratowniczych. Pomimo znacznego wieku samochod\u00f3w po\u017carniczych Jelcz pochodzi z 1994 roku, Opel z 2001 s\u0105 one w pe\u0142nej sprawno\u015bci technicznej wraz z wyposa\u017ceniem.&nbsp; W trakcie budowy jest nowa remiza, w kt\u00f3rej jest gara\u017c przystosowany na dwa stanowiska dla woz\u00f3w ratowniczo-ga\u015bniczych, nadal w eksploatacji pozostaje wyremontowany gara\u017c w dotychczasowej siedzibie.<\/p>\n\n\n\n<p>Ochotnicza Stra\u017c Po\u017carna Klimont\u00f3w organizuje i bierze udzia\u0142 w akcjach maj\u0105cych na celu edukacje mieszka\u0144c\u00f3w Gminy i Miasta Proszowice a zw\u0142aszcza dzieci i m\u0142odzie\u017cy. Jednostka nasza prowadzi liczne dzia\u0142ania spo\u0142eczne oraz zbi\u00f3rki charytatywne na rzecz lokalnej spo\u0142eczno\u015bci. Dzi\u0119ki zbi\u00f3rce i zaanga\u017cowaniu wielu os\u00f3b, dwa kardiomonitory i dwa pulsoksymetry trafi\u0142y do Kliniki Onkologii i Hematologii Dzieci\u0119cej Uniwersyteckiego Szpitala Dzieci\u0119cego w Prokocimiu. Inne wydarzenia z naszym udzia\u0142em to m.in. Parafialna Droga Krzy\u017cowa, wsp\u00f3lne sprz\u0105tanie naszej wsi, wsp\u00f3\u0142praca z zaprzyja\u017anionymi stra\u017cakami z Mittelnkirchen z RFN, festyny i pikniki rodzinne, pokazy stra\u017cackie dla najm\u0142odszych uczni\u00f3w, Gaszyn Challenge, akcji zbierania zakr\u0119tek i wo\u017cenie \u015awi\u0119tego Miko\u0142aja do najm\u0142odszych mieszka\u0144c\u00f3w. Cieszymy si\u0119 z powstania i zaanga\u017cowania rodzic\u00f3w w dzia\u0142alno\u015b\u0107 M\u0142odzie\u017cowej Dru\u017cyny Po\u017carniczej.<\/p>\n\n\n\n<p>Wszystkie wymienione dzia\u0142ania nie by\u0142yby mo\u017cliwe bez znacznych pieni\u0119dzy. OSP Klimont\u00f3w wykorzystuje wszelkie mo\u017cliwo\u015bci i pozyskuje dofinansowania w celu rozwoju dzia\u0142alno\u015bci. Dzisiaj w imieniu zarz\u0105du OSP Klimont\u00f3w serdecznie dzi\u0119kuj\u0119 Skarbniczce i radnym rady miejskiej w Proszowicach, w\u0142adzom wszelkich instytucji, sponsorom i darczy\u0144com za okazane wsparcie.<\/p>\n\n\n\n<p>OSP Klimont\u00f3w otrzymuje i korzysta z program\u00f3w:<\/p>\n\n\n\n<p>Dotacje z gminy Proszowice.<\/p>\n\n\n\n<p>Urz\u0105d Marsza\u0142kowski Wojew\u00f3dztwa Ma\u0142opolskiego &#8211; Bezpieczna Ma\u0142opolska, Ma\u0142opolskie Remizy.<\/p>\n\n\n\n<p>Ministerstwo Spraw Wewn\u0119trznych i Administracji.<\/p>\n\n\n\n<p>WFO\u015aiGW program Bezpieczny stra\u017cak.<\/p>\n\n\n\n<p>KP PSP w Proszowicach.<\/p>\n\n\n\n<p>Fundusz So\u0142ecki wsi Klimont\u00f3w.<\/p>\n\n\n\n<p>Dotacje z firm Ubezpieczeniowych.<\/p>\n\n\n\n<p>Fundusz Sprawiedliwo\u015bci \u2013 Ministerstwo Sprawiedliwo\u015bci.<\/p>\n\n\n\n<p>KRUS.<\/p>\n\n\n\n<p>Gminna Komisja Rozwi\u0105zywania Problem\u00f3w Alkoholowych.<\/p>\n\n\n\n<p>Podkre\u015bli\u0107 nale\u017cy bardzo du\u017cy wk\u0142ad w\u0142asny ze \u015brodk\u00f3w zgromadzonych przez OSP z wyjazd\u00f3w do akcji, zabezpiecze\u0144 i z zabaw.<\/p>\n\n\n\n<p>Bardzo dobrze uk\u0142ada si\u0119 wsp\u00f3\u0142praca OSP Klimont\u00f3w z Gmin\u0105 i Miastem Proszowice, Szko\u0142\u0105 Podstawow\u0105 w Klimontowie, KGW Klimont\u00f3w, LKS Agricola Klimont\u00f3w, So\u0142tysem wraz z Rad\u0105 So\u0142eck\u0105 i Parafi\u0105 Klimont\u00f3w.<\/p>\n\n\n\n<p>Dzisiaj marzeniem druh\u00f3w jest nowy \u015bredni samoch\u00f3d ratowniczo-ga\u015bniczy. W przypadku pozyskanie takiego wozu po\u017carniczego OSP Klimont\u00f3w deklaruje przekazanie Jelcza GCBA do innej jednostki OSP z Gminy Proszowice.&nbsp;<\/p>\n\n\n\n<p>Zapraszamy wszystkich na jubileusz 100-lecia jednostki w czerwcu 2024 roku.<\/p>\n\n\n\n<div class=\"wp-block-media-text alignwide is-stacked-on-mobile\" style=\"grid-template-columns:85% auto\"><figure class=\"wp-block-media-text__media\"><video controls src=\"https:\/\/klimontow.org\/wp-content\/uploads\/2023\/05\/film-nr-1-MDP-Klimontow-8.mp4\"><\/video><\/figure><div class=\"wp-block-media-text__content\">\n<p><\/p>\n<\/div><\/div>\n\n\n\n<div class=\"wp-block-media-text alignwide is-stacked-on-mobile\" style=\"grid-template-columns:85% auto\"><figure class=\"wp-block-media-text__media\"><video controls src=\"https:\/\/klimontow.org\/wp-content\/uploads\/2023\/05\/film-nr-1-OSP-Klimontow-6.mp4\"><\/video><\/figure><div class=\"wp-block-media-text__content\">\n<p><\/p>\n<\/div><\/div>\n\n\n\n<div class=\"wp-block-media-text alignwide is-stacked-on-mobile\" style=\"grid-template-columns:85% auto\"><figure class=\"wp-block-media-text__media\"><video controls src=\"https:\/\/klimontow.org\/wp-content\/uploads\/2023\/05\/film-nr-2-OSP-Klimontow-5.mp4\"><\/video><\/figure><div class=\"wp-block-media-text__content\">\n<p><\/p>\n<\/div><\/div>\n\n\n\n<div class=\"wp-block-media-text alignwide is-stacked-on-mobile\" style=\"grid-template-columns:85% auto\"><figure class=\"wp-block-media-text__media\"><video controls src=\"https:\/\/klimontow.org\/wp-content\/uploads\/2023\/05\/film-nr-3-OSP-Klimontow-5.mp4\"><\/video><\/figure><div class=\"wp-block-media-text__content\">\n<p><\/p>\n<\/div><\/div>\n","protected":false},"excerpt":{"rendered":"<p>&#8222;Bogu na chwa\u0142\u0119, ludziom na po\u017cytek&#8221; Film z uroczysto\u015b\u0107 wst\u0105pienia OSP KLIMONT\u00d3W do KSRG Historia Ochotniczej Stra\u017cy Po\u017carnej w Klimontowie. Dzieje Ochotniczej Stra\u017cy Po\u017carnej w Klimontowie si\u0119gaj\u0105 czas\u00f3w II Rzeczypospolitej. W tamtych latach prawdziwym utrapieniem mieszka\u0144c\u00f3w wsi by\u0142y cz\u0119ste po\u017cary, zw\u0142aszcza drewnianej zabudowy. St\u0105d dojrzewaj\u0105ca od pewnego czasu inicjatywa za spraw\u0105 W\u0142adys\u0142awa O\u017coga zosta\u0142a przekuta &hellip; <\/p>\n<p class=\"link-more\"><a href=\"https:\/\/klimontow.org\/index.php\/ksrg-osp-w-klimontowie\/\" class=\"more-link\">Czytaj dalej<span class=\"screen-reader-text\"> OSP KSRG w Klimontowie<\/span><\/a><\/p>\n","protected":false},"author":1,"featured_media":1163,"parent":0,"menu_order":0,"comment_status":"closed","ping_status":"closed","template":"","meta":[],"_links":{"self":[{"href":"https:\/\/klimontow.org\/index.php\/wp-json\/wp\/v2\/pages\/1155"}],"collection":[{"href":"https:\/\/klimontow.org\/index.php\/wp-json\/wp\/v2\/pages"}],"about":[{"href":"https:\/\/klimontow.org\/index.php\/wp-json\/wp\/v2\/types\/page"}],"author":[{"embeddable":true,"href":"https:\/\/klimontow.org\/index.php\/wp-json\/wp\/v2\/users\/1"}],"replies":[{"embeddable":true,"href":"https:\/\/klimontow.org\/index.php\/wp-json\/wp\/v2\/comments?post=1155"}],"version-history":[{"count":9,"href":"https:\/\/klimontow.org\/index.php\/wp-json\/wp\/v2\/pages\/1155\/revisions"}],"predecessor-version":[{"id":1337,"href":"https:\/\/klimontow.org\/index.php\/wp-json\/wp\/v2\/pages\/1155\/revisions\/1337"}],"wp:featuredmedia":[{"embeddable":true,"href":"https:\/\/klimontow.org\/index.php\/wp-json\/wp\/v2\/media\/1163"}],"wp:attachment":[{"href":"https:\/\/klimontow.org\/index.php\/wp-json\/wp\/v2\/media?parent=1155"}],"curies":[{"name":"wp","href":"https:\/\/api.w.org\/{rel}","templated":true}]}}